{"id":778,"date":"2019-10-21T15:24:39","date_gmt":"2019-10-21T15:24:39","guid":{"rendered":"http:\/\/www.rbaitalia.it\/?page_id=778"},"modified":"2022-02-16T12:00:44","modified_gmt":"2022-02-16T12:00:44","slug":"domande-frequenti-2-bustine","status":"publish","type":"page","link":"https:\/\/www.rbaitalia.it\/?page_id=778","title":{"rendered":"Domande &#038; Risposte 2 \/\/ RIVISTE"},"content":{"rendered":"<div style=\"display: none;\"><\/div>\n<p>&nbsp;<\/p>\n<div id=\"themify_builder_content-778\" data-postid=\"778\" class=\"themify_builder_content themify_builder_content-778 themify_builder themify_builder_front\">\n\n\t\t\t\t<!-- module_row -->\n\t\t\t<div  data-gutter=\"gutter-default\" class=\"themify_builder_row themify_builder_778_row module_row module_row_0 module_row_778-0 clearfix gutter-default faq_sidebar\" data-column-alignment=\"\" data-desktop_dir=\"ltr\" data-tablet_dir=\"ltr\" data-mobile_dir=\"ltr\">\n\n\t\t\n\t\t\t\t\n\t\t\t\t<div class=\"row_inner_wrapper\">\n\t\t\t\t\t<div class=\"row_inner gutter-default tablet-col-direction-ltr desktop-col-direction-ltr mobile-col-direction-ltr\">\n\n\t\t\t\t\t\t\n\t\t\t\t\t\t\n\t\t\t\t\t\t\t\n\t\t<div  class=\"col-full first tb-column  module_column tb_778_column module_column_0 module_column_778-0-0\" >\n\n\t\t\t\n\t\t\t\n\t\t\t<div class=\"tb-column-inner\">\n\n\t\t\t\t\n\t\t\t\t\n\t\t\t\t\t\n<!-- module text -->\n<div id=\"text-778-0-0-0\" class=\"module module-text text-778-0-0-0   \">\n\t\n\t\n\t<h3 class=\"rn_Title\">Domande & Risposte<\/h3>\n<ul>\n<li><a href=\"http:\/\/www.rbaitalia.it\/?page_id=757\">COLLEZIONI<\/a><\/li>\n<li class=\"active\"><\/li>\n<li class=\"active\"><a href=\"http:\/\/www.rbaitalia.it\/?page_id=778\">RIVISTE<\/a><\/li>\n<\/ul>\n\n\t<\/div>\n<!-- \/module text -->\n\n\t\t\t\t\n\t\t\t<\/div><!-- \/.tb-column-inner -->\n\t\t\t\t\t<\/div>\n\t\t<!-- \/.tb-column -->\n\t\t\n\t\t\n\t\t\t\t\t\t\t\t\n\t\t\t\t\t\t\t\t\n\t\t\t\t\t\t\t\n\t\t\t\t\t\t<\/div>\n\t\t\t\t\t\t<!-- \/row_inner -->\n\t\t\t\t\t<\/div>\n\t\t\t\t\t<!-- \/row_inner_wrapper -->\n\t\t\t\t<\/div>\n\t\t\t\t<!-- \/module_row -->\n\t\t\t\t\t<!-- module_row -->\n\t\t\t<div  data-gutter=\"gutter-default\" class=\"themify_builder_row themify_builder_778_row module_row module_row_1 module_row_778-1 clearfix gutter-default faq_content\" data-column-alignment=\"\" data-desktop_dir=\"ltr\" data-tablet_dir=\"ltr\" data-mobile_dir=\"ltr\">\n\n\t\t\n\t\t\t\t\n\t\t\t\t<div class=\"row_inner_wrapper\">\n\t\t\t\t\t<div class=\"row_inner gutter-default tablet-col-direction-ltr desktop-col-direction-ltr mobile-col-direction-ltr\">\n\n\t\t\t\t\t\t\n\t\t\t\t\t\t\n\t\t\t\t\t\t\t\n\t\t<div  class=\"col-full first tb-column  module_column tb_778_column module_column_0 module_column_778-1-0\" >\n\n\t\t\t\n\t\t\t\n\t\t\t<div class=\"tb-column-inner\">\n\n\t\t\t\t\n\t\t\t\t\n\t\t\t\t\t\n\t<!-- module accordion -->\n\t<div id=\"accordion-778-1-0-0\" class=\"module module-accordion accordion-778-1-0-0  \" data-behavior=\"accordion\">\n\n\t\t\t\t\t<h3 class=\"module-title\">Riviste<\/h3>\t\t\n\t\t\n\t\t<ul class=\"ui module-accordion separate  default\">\n\t\t\t\t\t\t\t<li >\n\t\t\t\t\t<div class=\"accordion-title\">\n\t\t\t\t\t\t<a href=\"#\">\n\t\t\t\t\t\t\t<i class=\"accordion-icon fa fa-chevron-down\"><\/i>\t\t\t\t\t\t\t<i class=\"accordion-active-icon fa fa-chevron-up\"><\/i>\t\t\t\t\t\t\tQuali sono i tempi di consegna di una rivista?\t\t\t\t\t\t<\/a>\n\t\t\t\t\t<\/div>\n\t\t\t\t\t<div class=\"accordion-content default-closed clearfix\">\n\t\t\t\t\t\t<div style=\"display: none;\">\u00a0<\/div><div class=\"rn_RecordText rn_AnswerText\"><p>La consegna avviene tra i 3 e 10 giorni dopo la data di uscita in edicola. Nei comuni che vengono serviti a giorni alterni da Poste Italiane potrebbero esserci dei tempi di consegna maggiore. L&#8217;elenco di tali comuni \u00e8 visibile a questo indirizzo: <a href=\"https:\/\/www.poste.it\/recapito-giorni-alterni.html\" target=\"_blank\" rel=\"noopener\">https:\/\/www.poste.it\/recapito-giorni-alterni.html<\/a><\/p><\/div>\t\t\t\t\t<\/div>\n\t\t\t\t<\/li>\n\t\t\t\t\t\t\t<li >\n\t\t\t\t\t<div class=\"accordion-title\">\n\t\t\t\t\t\t<a href=\"#\">\n\t\t\t\t\t\t\t<i class=\"accordion-icon fa fa-chevron-down\"><\/i>\t\t\t\t\t\t\t<i class=\"accordion-active-icon fa fa-chevron-up\"><\/i>\t\t\t\t\t\t\tE' possibile monitorare la spedizione delle riviste?\t\t\t\t\t\t<\/a>\n\t\t\t\t\t<\/div>\n\t\t\t\t\t<div class=\"accordion-content default-closed clearfix\">\n\t\t\t\t\t\t<div style=\"display: none;\">\u00a0<\/div><div class=\"rn_AnswerQuestion\"><p>Ci dispiace, ma per la spedizione di riviste in abbonamento questo servizio non \u00e8 disponibile.<\/p><\/div>\t\t\t\t\t<\/div>\n\t\t\t\t<\/li>\n\t\t\t\t\t\t\t<li >\n\t\t\t\t\t<div class=\"accordion-title\">\n\t\t\t\t\t\t<a href=\"#\">\n\t\t\t\t\t\t\t<i class=\"accordion-icon fa fa-chevron-down\"><\/i>\t\t\t\t\t\t\t<i class=\"accordion-active-icon fa fa-chevron-up\"><\/i>\t\t\t\t\t\t\tNon ho ricevuto una copia. Cosa posso fare?\t\t\t\t\t\t<\/a>\n\t\t\t\t\t<\/div>\n\t\t\t\t\t<div class=\"accordion-content default-closed clearfix\">\n\t\t\t\t\t\t<div style=\"display: none;\">\u00a0<\/div><p>Nel caso non ti fosse arrivata una copia, ti preghiamo di contattarci indicandoci la tua anagrafica completa, cos\u00ec da verificarne la correttezza, e, se disponibile, il tuo codice abbonato. Faremo cos\u00ec tutte le verifiche e ti risponderemo quanto prima, affinch\u00e9 tu possa recuperare il numero perso.<\/p><p>Puoi contattarci:<\/p><p>E-mail: <a href=\"mailto:rba.abbonamenti@directchannel.it\" target=\"_blank\" rel=\"noopener\">rba.abbonamenti@directchannel.it<\/a><br \/>Telefono: 02.49572009 dal luned\u00ec al venerd\u00ec, ore 9:00-19:00<br \/>Fax: 030.7772387 (attivo 24 ore su 24)<br \/>Posta: Direct Channel S.p.A. &#8211; Casella Postale, 97 &#8211; Via Dalmazia, 13 &#8211; 25126 Brescia<\/p>\t\t\t\t\t<\/div>\n\t\t\t\t<\/li>\n\t\t\t\t\t\t\t<li >\n\t\t\t\t\t<div class=\"accordion-title\">\n\t\t\t\t\t\t<a href=\"#\">\n\t\t\t\t\t\t\t<i class=\"accordion-icon fa fa-chevron-down\"><\/i>\t\t\t\t\t\t\t<i class=\"accordion-active-icon fa fa-chevron-up\"><\/i>\t\t\t\t\t\t\tQuali sono i tempi di attivazione di un abbonamento?\t\t\t\t\t\t<\/a>\n\t\t\t\t\t<\/div>\n\t\t\t\t\t<div class=\"accordion-content default-closed clearfix\">\n\t\t\t\t\t\t<div style=\"display: none;\">\u00a0<\/div><p>L&#8217;abbonamento richiesto online viene registrato subito, non appena compilato il modulo di registrazione, confermati i dati inseriti e scelta la modalit\u00e0 di pagamento. Alla fine del processo di acquisto riceverai un&#8217;e-mail di conferma con tutti i dettagli sul tuo abbonamento.<br \/>In genere la prima rivista viene consegnata al tuo indirizzo in 5 settimane.<br \/>Nel caso di abbonamento ad una rivista digitale sar\u00e0 immediatamente possibile sfogliare l&#8217;ultimo numero della rivista, seguendo le indicazioni che riceverai via e-mail.<\/p>\t\t\t\t\t<\/div>\n\t\t\t\t<\/li>\n\t\t\t\t\t\t\t<li >\n\t\t\t\t\t<div class=\"accordion-title\">\n\t\t\t\t\t\t<a href=\"#\">\n\t\t\t\t\t\t\t<i class=\"accordion-icon fa fa-chevron-down\"><\/i>\t\t\t\t\t\t\t<i class=\"accordion-active-icon fa fa-chevron-up\"><\/i>\t\t\t\t\t\t\tCome posso sottoscrivere un abbonamento?\t\t\t\t\t\t<\/a>\n\t\t\t\t\t<\/div>\n\t\t\t\t\t<div class=\"accordion-content default-closed clearfix\">\n\t\t\t\t\t\t<div style=\"display: none;\">\u00a0<\/div><p>Abbonarsi attraverso il sito \u00e8 il modo pi\u00f9 comodo, veloce e sicuro ti baster\u00e0 completare la procedura di acquisto indicando i tuoi dati (dati anagrafici e indirizzo per la spedizione) o quelli della persona a cui regalare l&#8217;abbonamento e scegliere una delle forme di pagamento.<\/p><p>Per abbonarti a Storica National Geographic: <a href=\"https:\/\/bit.ly\/3f5pisw\">www.abbonamenti.it<\/a><\/p><p>Per abbonarti a Speak Up: https:\/\/www.abbonamenti.it\/vincolata\/r60516<\/p><p>Puoi abbonarti anche chiamando il numero 02 49572009. Il servizio \u00e8 attivo da luned\u00ec a venerd\u00ec, dalle 9.00 alle 19.00.<\/p><p>Altrimenti inviate un fax al numero 030 7772387.<\/p><p>Oppure inviate una e-mail ad <a href=\"mailto:rba.abbonamenti@directchannel.it\" target=\"_blank\" rel=\"noopener\"> rba.abbonamenti@directchannel.it<\/a><\/p><p>Oppure scrivete a Ufficio Abbonamenti: Direct Channel S.p.A. &#8211; Casella Postale 97 &#8211; Via Dalmazia, 13 &#8211; 25126 Brescia<\/p>\t\t\t\t\t<\/div>\n\t\t\t\t<\/li>\n\t\t\t\t\t\t\t<li >\n\t\t\t\t\t<div class=\"accordion-title\">\n\t\t\t\t\t\t<a href=\"#\">\n\t\t\t\t\t\t\t<i class=\"accordion-icon fa fa-chevron-down\"><\/i>\t\t\t\t\t\t\t<i class=\"accordion-active-icon fa fa-chevron-up\"><\/i>\t\t\t\t\t\t\tIn caso di Pubblica Amministrazione \u00e8 possibile sottoscrivere un abbonamento e ricevere la fatturazione elettronica? \t\t\t\t\t\t<\/a>\n\t\t\t\t\t<\/div>\n\t\t\t\t\t<div class=\"accordion-content default-closed clearfix\">\n\t\t\t\t\t\t<div style=\"display: none;\">\u00a0<\/div><p>Per sottoscrivere un abbonamento per la Pubblica Amministrazione e richiedere la fatturazione elettronica, ti preghiamo scrivere un&#8217;email a <a href=\"mailto:abscrivi@mondadori.it\">abscrivi@mondadori.it<\/a><\/p>\t\t\t\t\t<\/div>\n\t\t\t\t<\/li>\n\t\t\t\t\t\t\t<li >\n\t\t\t\t\t<div class=\"accordion-title\">\n\t\t\t\t\t\t<a href=\"#\">\n\t\t\t\t\t\t\t<i class=\"accordion-icon fa fa-chevron-down\"><\/i>\t\t\t\t\t\t\t<i class=\"accordion-active-icon fa fa-chevron-up\"><\/i>\t\t\t\t\t\t\tSono un insegnante posso acquistare un abbonamento tramite la Carta del docente?\t\t\t\t\t\t<\/a>\n\t\t\t\t\t<\/div>\n\t\t\t\t\t<div class=\"accordion-content default-closed clearfix\">\n\t\t\t\t\t\t<div style=\"display: none;\">\u00a0<\/div><p>Certamente, per sottoscrivere un abbonamento utilizzando la Carta del docente devi:<br \/>1. <u>Avere le tue credenziali SPID<\/u><br \/>SPID, il Sistema Pubblico di Identit\u00e0 Digitale, ti permetter\u00e0 di accedere a tutti i servizi online della Pubblica Amministrazione con un&#8217;unica Identit\u00e0 Digitale (username e password) utilizzabile da computer, tablet e smartphone.<br \/>Per ottenere le credenziali SPID \u00e8 possibile rivolgersi ad uno degli Identity Provider disponibili, <a href=\"https:\/\/www.spid.gov.it\">cliccando qui<\/a><br \/>2. <u>Crea il tuo primo Buono<\/u><br \/>&#8211; Vai sul sito <a href=\"https:\/\/cartadeldocente.istruzione.it\/#\/\">cartadeldocente.istruzione.it.<\/a><br \/>&#8211; Nella scelta di tipologia ente\/esercizio seleziona <strong>online<\/strong> e seleziona poi <strong>libri e testi (anche in formato digitale)<\/strong> come ambito.<br \/>&#8211; Nel ricercare l&#8217;azienda per nome, inserisci <strong>Abbonamenti.it<\/strong>, seleziona il nome dell&#8217;azienda e seleziona poi <strong>crea buono<\/strong>, selezionando come bene <strong>Riviste e pubblicazioni<\/strong>.<br \/>&#8211; Inserisci l&#8217;importo del buono corrispondente al prezzo del bene che vuoi acquistare, <strong>avendo cura di inserire anche le eventuali spese di spedizione<\/strong>.<br \/>3. <u>Utilizza il Buono su abbonamenti.it<\/u>: scegli la rivista che vuoi acquistare e inserisci il codice del tuo buono alla voce &#8220;Inserisci il codice del tuo buono Carta del Docente&#8221;ed effettua il tuo acquisto.<\/p>\t\t\t\t\t<\/div>\n\t\t\t\t<\/li>\n\t\t\t\t\t\t\t<li >\n\t\t\t\t\t<div class=\"accordion-title\">\n\t\t\t\t\t\t<a href=\"#\">\n\t\t\t\t\t\t\t<i class=\"accordion-icon fa fa-chevron-down\"><\/i>\t\t\t\t\t\t\t<i class=\"accordion-active-icon fa fa-chevron-up\"><\/i>\t\t\t\t\t\t\tVoglio richiedere una copia arretrata come posso fare?\t\t\t\t\t\t<\/a>\n\t\t\t\t\t<\/div>\n\t\t\t\t\t<div class=\"accordion-content default-closed clearfix\">\n\t\t\t\t\t\t<p>Puoi richiedere gli arretrati inviando una e-mail ad arretrati@mondadori.it<\/p>\t\t\t\t\t<\/div>\n\t\t\t\t<\/li>\n\t\t\t\t\t\t\t<li >\n\t\t\t\t\t<div class=\"accordion-title\">\n\t\t\t\t\t\t<a href=\"#\">\n\t\t\t\t\t\t\t<i class=\"accordion-icon fa fa-chevron-down\"><\/i>\t\t\t\t\t\t\t<i class=\"accordion-active-icon fa fa-chevron-up\"><\/i>\t\t\t\t\t\t\tDevo cambiare indirizzo. Come posso fare? \t\t\t\t\t\t<\/a>\n\t\t\t\t\t<\/div>\n\t\t\t\t\t<div class=\"accordion-content default-closed clearfix\">\n\t\t\t\t\t\t<div style=\"display: none;\">\u00a0<\/div><p>Se dovessi cambiare indirizzo, temporaneamente o definitivamente, ti baster\u00e0 comunicarcelo almeno 2 settimane prima e la rivista verr\u00e0 spedita al tuo nuovo recapito senza alcun sovrapprezzo.<\/p><p>Puoi contattarci tramite:<\/p><p>E-mail: <a href=\"mailto:rba.abbonamenti@directchannel.it\">rba.abbonamenti@directchannel.it<\/a><br \/>Telefono: 02.49572009 dal luned\u00ec al venerd\u00ec, ore 9:00-19:00<br \/>Fax: 030.7772387 (attivo 24 ore su 24)<br \/>Posta: Direct Channel S.p.A. &#8211; Casella Postale, 97 &#8211; Via Dalmazia, 13 &#8211; 25126 Brescia<\/p>\t\t\t\t\t<\/div>\n\t\t\t\t<\/li>\n\t\t\t\t\t\t\t<li >\n\t\t\t\t\t<div class=\"accordion-title\">\n\t\t\t\t\t\t<a href=\"#\">\n\t\t\t\t\t\t\t<i class=\"accordion-icon fa fa-chevron-down\"><\/i>\t\t\t\t\t\t\t<i class=\"accordion-active-icon fa fa-chevron-up\"><\/i>\t\t\t\t\t\t\tE' possibile regalare un abbonamento? \t\t\t\t\t\t<\/a>\n\t\t\t\t\t<\/div>\n\t\t\t\t\t<div class=\"accordion-content default-closed clearfix\">\n\t\t\t\t\t\t<div style=\"display: none;\">\u00a0<\/div><p>Certamente! Regalando un abbonamento farai sicuramente un regalo gradito, originale e conveniente, che ti far\u00e0 ricordare per un anno intero! <br \/>Durante la procedura d&#8217;acquisto o nella pagina con il riepilogo del tuo ordine, prima di procedere con il check-out, potrai indicare se l&#8217;abbonamento che stai sottoscrivendo \u00e8 un regalo: dovrai quindi indicare, oltre ai tuoi dati, anche i dati della persona a cui desideri inviare la rivista. L&#8217;eventuale bollettino di pagamento sar\u00e0 inviato al tuo indirizzo. Indicando la mail del beneficiario, potrai inviargli un&#8217;e-mail personalizzata per annunciargli il tuo regalo, nella data da te scelta: l&#8217;abbonamento sar\u00e0 attivato a partire da questa data. All&#8217;interno della prima copia, il beneficiario ricever\u00e0 inoltre una comunicazione cartacea che gli ricorder\u00e0 il tuo regalo.<\/p>\t\t\t\t\t<\/div>\n\t\t\t\t<\/li>\n\t\t\t\t\t\t\t<li >\n\t\t\t\t\t<div class=\"accordion-title\">\n\t\t\t\t\t\t<a href=\"#\">\n\t\t\t\t\t\t\t<i class=\"accordion-icon fa fa-chevron-down\"><\/i>\t\t\t\t\t\t\t<i class=\"accordion-active-icon fa fa-chevron-up\"><\/i>\t\t\t\t\t\t\tCos'\u00e8 il codice abbonato? \t\t\t\t\t\t<\/a>\n\t\t\t\t\t<\/div>\n\t\t\t\t\t<div class=\"accordion-content default-closed clearfix\">\n\t\t\t\t\t\t<div style=\"display: none;\">\u00a0<\/div><p>Il Codice Abbonato \u00e8 il codice identificativo del tuo abbonamento: ti verr\u00e0 comunicato nella seconda e-mail di conferma, che riceverai dopo la corretta registrazione del tuo abbonamento. Troverai l&#8217;indicazione del codice cliente anche all&#8217;interno di ogni numero, nella fascetta con l&#8217;indirizzo che accompagner\u00e0 le tue copie. <br \/>Il Codice Abbonato \u00e8 utile per facilitare tutte le comunicazioni con il Customer Service.<\/p>\t\t\t\t\t<\/div>\n\t\t\t\t<\/li>\n\t\t\t\t\t\t\t<li >\n\t\t\t\t\t<div class=\"accordion-title\">\n\t\t\t\t\t\t<a href=\"#\">\n\t\t\t\t\t\t\t<i class=\"accordion-icon fa fa-chevron-down\"><\/i>\t\t\t\t\t\t\t<i class=\"accordion-active-icon fa fa-chevron-up\"><\/i>\t\t\t\t\t\t\tIn caso di Pubblica Amministrazione \u00e8 possibile sottoscrivere un abbonamento e ricevere la fatturazione elettronica? \t\t\t\t\t\t<\/a>\n\t\t\t\t\t<\/div>\n\t\t\t\t\t<div class=\"accordion-content default-closed clearfix\">\n\t\t\t\t\t\t<div style=\"display: none;\">\u00a0<\/div><p>Per sottoscrivere un abbonamento per la Pubblica Amministrazione e richiedere la fatturazione elettronica, ti preghiamo scrivere un&#8217;email a <a href=\"mailto:abscrivi@mondadori.it\">abscrivi@mondadori.it<\/a><\/p>\t\t\t\t\t<\/div>\n\t\t\t\t<\/li>\n\t\t\t\t\t\t\t<li >\n\t\t\t\t\t<div class=\"accordion-title\">\n\t\t\t\t\t\t<a href=\"#\">\n\t\t\t\t\t\t\t<i class=\"accordion-icon fa fa-chevron-down\"><\/i>\t\t\t\t\t\t\t<i class=\"accordion-active-icon fa fa-chevron-up\"><\/i>\t\t\t\t\t\t\tDove posso verificare la data di scadenza del mio abbonamento? \t\t\t\t\t\t<\/a>\n\t\t\t\t\t<\/div>\n\t\t\t\t\t<div class=\"accordion-content default-closed clearfix\">\n\t\t\t\t\t\t<div style=\"display: none;\">\u00a0<\/div><p>La scadenza \u00e8 inoltre riportata sulla fascetta con l&#8217;indirizzo che accompagna ogni copia.<\/p>\t\t\t\t\t<\/div>\n\t\t\t\t<\/li>\n\t\t\t\t\t\t\t<li >\n\t\t\t\t\t<div class=\"accordion-title\">\n\t\t\t\t\t\t<a href=\"#\">\n\t\t\t\t\t\t\t<i class=\"accordion-icon fa fa-chevron-down\"><\/i>\t\t\t\t\t\t\t<i class=\"accordion-active-icon fa fa-chevron-up\"><\/i>\t\t\t\t\t\t\tPer consultare le Condizioni Generali di Vendita \t\t\t\t\t\t<\/a>\n\t\t\t\t\t<\/div>\n\t\t\t\t\t<div class=\"accordion-content default-closed clearfix\">\n\t\t\t\t\t\t<div style=\"display: none;\">\u00a0<\/div><p>Puoi consultare le Condizioni Generali di Vendita scaricando il documento completo cliccando qui: http:\/\/www.abbonamenti.it\/immagini\/pdf\/cga.pdf<\/p>\t\t\t\t\t<\/div>\n\t\t\t\t<\/li>\n\t\t\t\t\t<\/ul>\n\n\t\t\n\t<\/div>\n\t<!-- \/module accordion -->\n\n\n\t\t\t\t\n\t\t\t<\/div><!-- \/.tb-column-inner -->\n\t\t\t\t\t<\/div>\n\t\t<!-- \/.tb-column -->\n\t\t\n\t\t\n\t\t\t\t\t\t\t\t\n\t\t\t\t\t\t\t\t\n\t\t\t\t\t\t\t\n\t\t\t\t\t\t<\/div>\n\t\t\t\t\t\t<!-- \/row_inner -->\n\t\t\t\t\t<\/div>\n\t\t\t\t\t<!-- \/row_inner_wrapper -->\n\t\t\t\t<\/div>\n\t\t\t\t<!-- \/module_row -->\n\t\t<\/div>\n<!-- \/themify_builder_content -->","protected":false},"excerpt":{"rendered":"<p>&nbsp;<\/p>\n","protected":false},"author":4,"featured_media":0,"parent":0,"menu_order":0,"comment_status":"closed","ping_status":"closed","template":"","meta":{"footnotes":""},"class_list":["post-778","page","type-page","status-publish","hentry","has-post-title","has-post-date","has-post-category","has-post-tag","has-post-comment","has-post-author",""],"_links":{"self":[{"href":"https:\/\/www.rbaitalia.it\/index.php?rest_route=\/wp\/v2\/pages\/778","targetHints":{"allow":["GET"]}}],"collection":[{"href":"https:\/\/www.rbaitalia.it\/index.php?rest_route=\/wp\/v2\/pages"}],"about":[{"href":"https:\/\/www.rbaitalia.it\/index.php?rest_route=\/wp\/v2\/types\/page"}],"author":[{"embeddable":true,"href":"https:\/\/www.rbaitalia.it\/index.php?rest_route=\/wp\/v2\/users\/4"}],"replies":[{"embeddable":true,"href":"https:\/\/www.rbaitalia.it\/index.php?rest_route=%2Fwp%2Fv2%2Fcomments&post=778"}],"version-history":[{"count":13,"href":"https:\/\/www.rbaitalia.it\/index.php?rest_route=\/wp\/v2\/pages\/778\/revisions"}],"predecessor-version":[{"id":1364,"href":"https:\/\/www.rbaitalia.it\/index.php?rest_route=\/wp\/v2\/pages\/778\/revisions\/1364"}],"wp:attachment":[{"href":"https:\/\/www.rbaitalia.it\/index.php?rest_route=%2Fwp%2Fv2%2Fmedia&parent=778"}],"curies":[{"name":"wp","href":"https:\/\/api.w.org\/{rel}","templated":true}]}}