{"id":232,"date":"2017-08-07T08:22:41","date_gmt":"2017-08-07T08:22:41","guid":{"rendered":"http:\/\/www.rbaitalia.it\/?page_id=232"},"modified":"2017-08-08T08:17:04","modified_gmt":"2017-08-08T08:17:04","slug":"chi-siamo","status":"publish","type":"page","link":"https:\/\/www.rbaitalia.it\/?page_id=232","title":{"rendered":"Chi siamo"},"content":{"rendered":"<p><strong>IL GRUPPO RBA<\/strong><\/p>\n<p><strong>Indipendenza e vocazione internazionale<\/strong><\/p>\n<p>Un <strong>gruppo di comunicazione<\/strong> indipendente, multicanale e con un capitale 100% spagnolo. Questi sono i tratti che definiscono RBA, un&#8217;impresa leader nella pubblicazione di riviste, collezionabili e libri che, fin dalla sua creazione nel 1991, si \u00e8 contraddistinta per la sua volont\u00e0 di innovazione e crescita continua<\/p>\n<ul>\n<li>Siamo una grande squadra, formata da pi\u00f9 di mille cinquecento persone impegnate a creare <strong>i migliori prodotti<\/strong> per un mercato esigente e in costante evoluzione<\/li>\n<li>Abbiamo una <strong>vocazione internazionale<\/strong>: i nostri prodotti sono presenti in pi\u00f9 di cinquanta paesi dei cinque continenti<\/li>\n<li>La nostra offerta di contenuti si amplia continuamente, e questo che ci identifica come azienda di riferimento per <strong>l\u2019informazione, la formazione e il divertimento<\/strong> per tutti i tipi di pubblico<\/li>\n<li>Abbiamo un obiettivo ambizioso: influenzare in modo positivo la vita di milioni di persone con dei prodotti creati per loro. Perch\u00e9, prima di tutto, pensiamo ai <strong>nostri lettori<\/strong>.<\/li>\n<\/ul>\n<p><strong>Valori aziendali<\/strong><\/p>\n<p><strong>Difendiamo la nostra indipendenza.<\/strong><br \/>\nIl carattere completamente indipendente del Gruppo RBA ci permette di agire liberamente in base ai nostri valori. Ci\u00f2 significa che i nostri prodotti sono anche frutto di una grande capacit\u00e0 di intuire le tendenze future; di avere la libert\u00e0 di scegliere e, la cosa pi\u00f9 importante, di prendere le giuste decisioni.<\/p>\n<p><strong>La qualit\u00e0 \u00e8 il nostro obiettivo<\/strong><br \/>\nTutto il nostro lavoro ha come premessa la qualit\u00e0. Senza la qualit\u00e0 che contraddistingue i nostri prodotti non potremmo soddisfare un pubblico sempre pi\u00f9 esigente n\u00e9 competere in un settore che cambia giorno per giorno. Senza qualit\u00e0, semplicemente, non potremmo essere leader<\/p>\n<p><strong>Ci muove la creativit\u00e0.<\/strong><br \/>\nLa creativit\u00e0 \u00e8 carattere, \u00e8 originalit\u00e0. Per questo, nel Gruppo RBA esploriamo nuove vie creative e sviluppiamo idee innovative che sostengono il nostro business e destano l\u2019interesse del nostro pubblico.<\/p>\n<p><strong>Stiamo vicino al nostro pubblico<\/strong><br \/>\nCi piace conoscere i nostri lettori. Sapere che cosa pensano, cosa desiderano e che cosa sperano, per poterglielo offrire. Per questo RBA realizza costantemente ricerche di mercato per valutare tendenze e nuovi prodotti. La soddisfazione dei nostri lettori \u00e8 il nostro maggiore successo.<\/p>\n<p><strong>Una societ\u00e0 leader, presente in 49 paesi, in 12 lingue.<\/strong><\/p>\n<p><iframe loading=\"lazy\" src=\"https:\/\/player.vimeo.com\/video\/91524206?autoplay=1&#038;loop=1&#038;autopause=0\"\" width=\"1280\" height=\"560\" frameborder=\"0\" webkitallowfullscreen mozallowfullscreen allowfullscreen><\/iframe><br \/>\n&#8212;&#8212;&#8212;&#8212;&#8212;&#8212;&#8212;&#8212;&#8212;&#8212;&#8212;&#8212;&#8212;&#8212;&#8212;&#8212;&#8212;&#8212;&#8212;&#8212;&#8212;&#8212;&#8212;&#8212;&#8212;&#8212;&#8212;&#8212;&#8212;&#8212;&#8212;&#8212;&#8212;&#8212;&#8212;&#8212;&#8212;&#8212;&#8212;&#8212;&#8212;&#8212;&#8212;&#8212;&#8212;&#8212;&#8212;&#8212;&#8212;&#8212;&#8212;&#8212;&#8212;&#8212;&#8212;&#8212;&#8212;&#8212;&#8212;&#8212;&#8212;&#8212;&#8212;&#8212;-<\/p>\n<p><strong>RBA Italia<\/strong><\/p>\n<p>RBA Italia, grazie all\u2019appartenenza a un grande e prestigioso gruppo editoriale internazionale, pubblica opere collezionabili e riviste di grande qualit\u00e0, sempre originali e innovative.<br \/>\nLe nostre proposte editoriali sono il risultato di un lavoro rigoroso e appassionato con cui cerchiamo di selezionare e realizzare prodotti editoriali curati non solo nel contenuto ma anche nella forma per esaltarne il valore nel tempo.<\/p>\n<p>Perch\u00e9 la nostra pi\u00f9 grande ricompensa \u00e8 la vostra fiducia.<\/p>\n<div id=\"themify_builder_content-232\" data-postid=\"232\" class=\"themify_builder_content themify_builder_content-232 themify_builder themify_builder_front\">\n\n\t<\/div>\n<!-- \/themify_builder_content -->","protected":false},"excerpt":{"rendered":"<p>IL GRUPPO RBA Indipendenza e vocazione internazionale Un gruppo di comunicazione indipendente, multicanale e con un capitale 100% spagnolo. Questi sono i tratti che definiscono RBA, un&#8217;impresa leader nella pubblicazione di riviste, collezionabili e libri che, fin dalla sua creazione nel 1991, si \u00e8 contraddistinta per la sua volont\u00e0 di innovazione e crescita continua Siamo [&hellip;]<\/p>\n","protected":false},"author":4,"featured_media":0,"parent":0,"menu_order":0,"comment_status":"closed","ping_status":"closed","template":"","meta":{"footnotes":""},"class_list":["post-232","page","type-page","status-publish","hentry","has-post-title","has-post-date","has-post-category","has-post-tag","has-post-comment","has-post-author",""],"_links":{"self":[{"href":"https:\/\/www.rbaitalia.it\/index.php?rest_route=\/wp\/v2\/pages\/232","targetHints":{"allow":["GET"]}}],"collection":[{"href":"https:\/\/www.rbaitalia.it\/index.php?rest_route=\/wp\/v2\/pages"}],"about":[{"href":"https:\/\/www.rbaitalia.it\/index.php?rest_route=\/wp\/v2\/types\/page"}],"author":[{"embeddable":true,"href":"https:\/\/www.rbaitalia.it\/index.php?rest_route=\/wp\/v2\/users\/4"}],"replies":[{"embeddable":true,"href":"https:\/\/www.rbaitalia.it\/index.php?rest_route=%2Fwp%2Fv2%2Fcomments&post=232"}],"version-history":[{"count":14,"href":"https:\/\/www.rbaitalia.it\/index.php?rest_route=\/wp\/v2\/pages\/232\/revisions"}],"predecessor-version":[{"id":250,"href":"https:\/\/www.rbaitalia.it\/index.php?rest_route=\/wp\/v2\/pages\/232\/revisions\/250"}],"wp:attachment":[{"href":"https:\/\/www.rbaitalia.it\/index.php?rest_route=%2Fwp%2Fv2%2Fmedia&parent=232"}],"curies":[{"name":"wp","href":"https:\/\/api.w.org\/{rel}","templated":true}]}}