{"id":229,"date":"2017-08-07T07:43:39","date_gmt":"2017-08-07T07:43:39","guid":{"rendered":"http:\/\/www.rbaitalia.it\/?page_id=229"},"modified":"2025-07-30T09:27:32","modified_gmt":"2025-07-30T09:27:32","slug":"legal","status":"publish","type":"page","link":"https:\/\/www.rbaitalia.it\/?page_id=229","title":{"rendered":"Legal"},"content":{"rendered":"<p><strong>NOTE LEGALI<\/strong><\/p>\n<p><strong>Dati societari<\/strong><\/p>\n<p><strong>RBA Italia S.r.l.<\/strong><br \/>\nSede legale: Via Gustavo Fara 35<br \/>\n20124 \u2013 Milano<br \/>\nCodice fiscale e Partita IVA 05801500967<br \/>\nR.E.A. Milano 1850209<br \/>\nCapitale sociale \u20ac 10.000<\/p>\n<p><strong>Termini e condizioni di utilizzo del portale www.rbaitalia.it<\/strong><br \/>\nIl portale www.rbaitalia.it e gli altri siti web di titolarit\u00e0 di RBA Italia S.r.l. (di seguito \u201c<strong><em>RBA<\/em><\/strong>\u201d) e da essa gestiti (di seguito i \u201c<strong><em>Siti Web<\/em><\/strong>\u201d) forniscono informazioni commerciali sui prodotti di RBA e ulteriori contenuti informativi e consentono l\u2019accesso ad eventuali servizi interattivi, come di volta in volta disponibili e identificati, a seconda del caso, quali attivit\u00e0 pubblicitarie o promozionali.<br \/>\nIl loro utilizzo \u00e8 subordinato all\u2019accettazione dei termini e delle condizioni indicate di seguito. Se non si intende accettare le presenti condizioni si \u00e8 invitati a non utilizzare i Siti Web.<\/p>\n<p><strong>Diritti d\u2019autore<\/strong><br \/>\nI contenuti dei Siti Web, compresi i testi, i documenti, i marchi, i loghi, le immagini, la grafica, la loro disposizione e i loro adattamenti sono di propriet\u00e0, o comunque nella legittima disponibilit\u00e0, di RBA e sono protetti dalla normativa sulla protezione della propriet\u00e0 intellettuale e del diritto d\u2019autore.<br \/>\nFatti salvi gli utilizzi strettamente personali, non \u00e8 consentito copiare, alterare, distribuire, pubblicare o utilizzare i contenuti dei Siti Web senza autorizzazione specifica di RBA.<strong>\u00a0<\/strong><\/p>\n<p style=\"font-weight: 400;\"><strong>Propriet\u00e0 intellettuale e industriale<\/strong><\/p>\n<p style=\"font-weight: 400;\">Tutti i contenuti del sito web, salvo indicazione contraria, sono di esclusiva propriet\u00e0 di RBA e, a titolo esemplificativo e non esaustivo, il design grafico, il codice sorgente, i loghi, i testi, i grafici, le illustrazioni, le fotografie e gli altri elementi che appaiono nel sito web.Allo stesso modo, tutti i nomi commerciali, marchi o segni distintivi di qualsiasi tipo contenuti nel sito web sono protetti dalla legge.<\/p>\n<p style=\"font-weight: 400;\">RBA non concede alcuna licenza o autorizzazione di uso personale all&#8217;Utente sui suoi diritti di propriet\u00e0 intellettuale e industriale o su qualsiasi altro diritto relativo al suo sito web e ai servizi offerti sullo stesso.<\/p>\n<p style=\"font-weight: 400;\">In virt\u00f9 di quanto precede, la riproduzione, distribuzione, commercializzazione, trasformazione e, in generale, qualsiasi altra forma di sfruttamento, con qualsiasi procedimento, di tutto o parte dei contenuti di questo sito costituisce una violazione dei diritti di propriet\u00e0 intellettuale e\/o industriale della SOCIET\u00c0 o del titolare degli stessi.<\/p>\n<p style=\"font-weight: 400;\">In particolare, \u00e8 vietato qualsiasi utilizzo da parte dell&#8217;intelligenza artificiale generativa dei contenuti dell&#8217;applicazione, inclusi senza limitazione testi, fotografie, illustrazioni e database. Tale divieto si estende a qualsiasi tipo di uso, compresi quelli di carattere statistico, quelli aventi finalit\u00e0 di allenamento, nonch\u00e9 alla riproduzione, conservazione, distribuzione, comunicazione pubblica, messa a disposizione, trasformazione, inserimento in database o sfruttamento parziale o totale in qualsiasi forma da parte di tali contenuti.<\/p>\n<p style=\"font-weight: 400;\">RBA dichiara espressamente, ai fini legali, di opporsi all&#8217;uso dei suddetti contenuti protetti e di volerli escludere da qualsiasi eccezione legale facoltativa, se esistente, che possa autorizzare i suddetti usi.<\/p>\n<p style=\"font-weight: 400;\">La violazione di qualsiasi diritto di RBA relativo alla presente pubblicazione sar\u00e0 perseguita in conformit\u00e0 alle leggi vigenti e i trasgressori saranno tenuti a pagare le sanzioni civili e\/o penali stabilite dalla legislazione vigente, compreso il relativo risarcimento.<\/p>\n<p><strong>Limiti di responsabilit\u00e0<\/strong><br \/>\nRBA non garantisce l\u2019accuratezza e la completezza dei contenuti dei Siti Web. Fatte salve le responsabilit\u00e0 inderogabili derivanti dalla legge, RBA non \u00e8 responsabile per eventuali danni, siano essi diretti, indiretti o consequenziali (ivi inclusi, senza alcuna limitazione, danni per lucro cessante) che possano derivare all\u2019utente dall\u2019uso di tali contenuti. RBA si riserva la facolt\u00e0 di modificare, in qualsiasi momento e senza alcun preavviso, i contenuti dei Siti Web o i prodotti in essi descritti senza avere alcun obbligo di aggiornare le informazioni pubblicate sugli stessi.<\/p>\n<p><strong>Link\u00a0ad altri siti<\/strong><br \/>\nRBA non \u00e8 responsabile dei contenuti di ogni altro sito che possa essere raggiunto dai Siti Web o attraverso il quale si possa accedere ai Siti Web. Chi decide di visitare un sito collegato ai Siti Web lo fa a proprio rischio, assumendosi l\u2019onere di prendere tutte le misure necessarie contro virus od altri elementi distruttivi. RBA non esercita alcun controllo sui contenuti di tali siti ed in qualit\u00e0 di mero terzo non ha alcuna responsabilit\u00e0 per i contenuti e il materiale, anche pubblicitario, divulgato su tali siti o per i prodotti o servizi offerti. Tali prodotti o servizi non possono considerarsi in alcun modo sponsorizzati, condivisi o supportati da RBA.<\/p>\n<p><strong>Messaggi ed informazioni inviati tramite il sito\u00a0<\/strong><br \/>\nI messaggi di posta elettronica (e-mail) eventualmente inviati dall\u2019utente agli indirizzi di contatto segnalati sui Siti Web non sono pubblicati o altrimenti diffusi (salvo espressa autorizzazione del mittente) e sono archiviati su apposita cartella del sistema informatico di RBA per il tempo strettamente necessario alle finalit\u00e0 per cui tali messaggi sono inviati.<\/p>\n<p><strong>Utilizzo per scopi leciti\u00a0<\/strong><br \/>\nL\u2019utente si impegna ad utilizzare i Siti Web e i suoi servizi esclusivamente per scopi leciti e, in ogni caso, senza ledere diritti di qualsivoglia terzo e ponendo particolare riguardo alle norme di protezione dei dati, alle leggi in materia di protezione della propriet\u00e0 intellettuale e industriale, alla protezione dei dati personali, alle vigenti norme in materia di criminalit\u00e0 informatica ed alla normativa in materia di telecomunicazioni.<\/p>\n<p><strong>Cookie<\/strong><br \/>\nI cookie sono piccoli file di testo che i siti visitati inviano al terminale dell&#8217;utente, dove vengono memorizzati, per poi essere ritrasmessi agli stessi siti alla visita successiva. I Siti Web utilizzano cookie tecnici, sia propri che di terze parti. Per maggiori informazioni sui cookie utilizzati dai Siti Web si rimanda alla Privacy Policy.<\/p>\n<p><strong>Privacy\u00a0<\/strong><br \/>\nPer la descrizione delle procedure seguite da RBA in relazione al trattamento dei dati personali raccolti attraverso i Siti Web si rimanda alla Privacy Policy.<\/p>\n<p><strong>Legge applicabile\u00a0<\/strong><br \/>\nLe condizioni contenute nella presente note legali sono regolate dalla legge italiana.<\/p>\n<div id=\"themify_builder_content-229\" data-postid=\"229\" class=\"themify_builder_content themify_builder_content-229 themify_builder themify_builder_front\">\n\n\t<\/div>\n<!-- \/themify_builder_content -->","protected":false},"excerpt":{"rendered":"<p>NOTE LEGALI Dati societari RBA Italia S.r.l. Sede legale: Via Gustavo Fara 35 20124 \u2013 Milano Codice fiscale e Partita IVA 05801500967 R.E.A. Milano 1850209 Capitale sociale \u20ac 10.000 Termini e condizioni di utilizzo del portale www.rbaitalia.it Il portale www.rbaitalia.it e gli altri siti web di titolarit\u00e0 di RBA Italia S.r.l. (di seguito \u201cRBA\u201d) e [&hellip;]<\/p>\n","protected":false},"author":4,"featured_media":0,"parent":0,"menu_order":0,"comment_status":"closed","ping_status":"closed","template":"","meta":{"footnotes":""},"class_list":["post-229","page","type-page","status-publish","hentry","has-post-title","has-post-date","has-post-category","has-post-tag","has-post-comment","has-post-author",""],"_links":{"self":[{"href":"https:\/\/www.rbaitalia.it\/index.php?rest_route=\/wp\/v2\/pages\/229","targetHints":{"allow":["GET"]}}],"collection":[{"href":"https:\/\/www.rbaitalia.it\/index.php?rest_route=\/wp\/v2\/pages"}],"about":[{"href":"https:\/\/www.rbaitalia.it\/index.php?rest_route=\/wp\/v2\/types\/page"}],"author":[{"embeddable":true,"href":"https:\/\/www.rbaitalia.it\/index.php?rest_route=\/wp\/v2\/users\/4"}],"replies":[{"embeddable":true,"href":"https:\/\/www.rbaitalia.it\/index.php?rest_route=%2Fwp%2Fv2%2Fcomments&post=229"}],"version-history":[{"count":3,"href":"https:\/\/www.rbaitalia.it\/index.php?rest_route=\/wp\/v2\/pages\/229\/revisions"}],"predecessor-version":[{"id":1964,"href":"https:\/\/www.rbaitalia.it\/index.php?rest_route=\/wp\/v2\/pages\/229\/revisions\/1964"}],"wp:attachment":[{"href":"https:\/\/www.rbaitalia.it\/index.php?rest_route=%2Fwp%2Fv2%2Fmedia&parent=229"}],"curies":[{"name":"wp","href":"https:\/\/api.w.org\/{rel}","templated":true}]}}